{"id":29,"date":"2017-07-13T11:25:40","date_gmt":"2017-07-13T11:25:40","guid":{"rendered":"https:\/\/www.guiaensalamanca.es\/?page_id=8"},"modified":"2024-03-08T00:33:26","modified_gmt":"2024-03-07T23:33:26","slug":"rutas-por-la-ciudad","status":"publish","type":"page","link":"https:\/\/guiaensalamanca.es\/?page_id=29","title":{"rendered":"Rutas por la ciudad"},"content":{"rendered":"<div id=\"pl-29\"  class=\"panel-layout\" ><div id=\"pg-29-0\"  class=\"panel-grid panel-no-style\" ><div id=\"pgc-29-0-0\"  class=\"panel-grid-cell\" ><div id=\"panel-29-0-0-0\" class=\"so-panel widget widget_sow-editor panel-first-child panel-last-child\" data-index=\"0\" ><div\n\t\t\t\n\t\t\tclass=\"so-widget-sow-editor so-widget-sow-editor-base\"\n\t\t\t\n\t\t><h3 class=\"widget-title\">RUTAS POR LA CIUDAD DE SALAMANCA<\/h3>\n<div class=\"siteorigin-widget-tinymce textwidget\">\n\t<p>Recorrido por el centro hist\u00f3rico de Salamanca, Patrimonio de la Humanidad desde el a\u00f1o 1988, con los monumentos m\u00e1s representativos en los que el arte y la tradici\u00f3n salmantina ha dejado una profunda huella a lo largo de la historia.<\/p>\n<h4>ITINERARIOS TUR\u00cdSTICOS \u2013 RUTAS MONUMENTALES EN SALAMANCA CAPITAL<\/h4>\n<h5>MEDIA JORNADA\u00a0 2:30-3 horas<\/h5>\n<ul>\n<li>Puente romano<\/li>\n<li>Muralla<\/li>\n<li>Catedrales Vieja y Nueva<\/li>\n<li>Universidad antigua<\/li>\n<li>Patio de Escuelas Menores<\/li>\n<li>Casa de las Conchas<\/li>\n<li>Fachada de la Iglesia de la Clerec\u00eda<\/li>\n<li>Plaza Mayor<\/li>\n<\/ul>\n<h5>JORNADA COMPLETA\u00a0 5 horas<\/h5>\n<p>Al itinerario de media jornada se a\u00f1aden los siguientes monumentos:<\/p>\n<ul>\n<li>Calle de San Pablo<\/li>\n<li>Torre del Clavero<\/li>\n<li>Convento de San Esteban<\/li>\n<li>Claustro del Convento de las Due\u00f1as<\/li>\n<li>Palacio de Monterrey (fachada, actual propiedad de la Casa de Alba)<\/li>\n<li>Convento de las Agustinas (fachada)<\/li>\n<\/ul>\n<h5>RUTA NOCTURNA DE LEYENDAS Y TRADICIONES EN SALAMANCA<\/h5>\n<ul>\n<li>Itinerario de exteriores con los monumentos iluminados.<\/li>\n<\/ul>\n<h5>OTROS MONUMENTOS DE INTER\u00c9S PARA LA VISITA LIBRE:<\/h5>\n<ul>\n<li>Convento de las Ursulas<\/li>\n<li>Convento de las Claras<\/li>\n<li>Palacio de Fonseca<\/li>\n<li>Iglesia de San Mart\u00edn<\/li>\n<li>Iglesia de Sancti Spiritus<\/li>\n<li>Iglesia de San Mill\u00e1n (Centro de Interpretaci\u00f3n de Salamanca)<\/li>\n<li>Casa de Santa Teresa<\/li>\n<li>Casa de las Muertes<\/li>\n<li>Casa de Mar\u00eda la Brava<\/li>\n<\/ul>\n<h5>MUSEOS:<\/h5>\n<ul>\n<li>Casa Lis: Museo de art dec\u00f3 y nouveau<\/li>\n<li>Historia de la automoci\u00f3n<\/li>\n<li>Museo taurino<\/li>\n<li>Museo de la universidad<\/li>\n<li>Museo de las Ursulas<\/li>\n<li>Museo Casa rectoral\u00a0de Miguel de Unamuno<\/li>\n<li>Museo etnogr\u00e1fico convento de las Claras<\/li>\n<\/ul>\n<p><span class=\"anchor\" id=\"jornada-completa\"><\/span><\/p>\n<h5>TORRES (ascenso)<\/h5>\n<ul>\n<li>JERONIMUS (Catedrales)<\/li>\n<li>SCALA COELI (Iglesia de la Clerec\u00eda)<\/li>\n<\/ul>\n<\/div>\n<\/div><\/div><\/div><\/div><\/div>","protected":false},"excerpt":{"rendered":"<p>Recorrido por el centro hist\u00f3rico de Salamanca, Patrimonio de la Humanidad desde el a\u00f1o 1988, con los monumentos m\u00e1s representativos en los que el arte y la tradici\u00f3n salmantina ha dejado una profunda huella a lo largo de la historia. ITINERARIOS TUR\u00cdSTICOS \u2013 RUTAS MONUMENTALES EN SALAMANCA CAPITAL MEDIA JORNADA\u00a0\u2026<\/p>\n<p> <a class=\"continue-reading-link\" href=\"https:\/\/guiaensalamanca.es\/?page_id=29\"><span>Leer m\u00e1s<\/span><i class=\"crycon-right-dir\"><\/i><\/a> <\/p>\n","protected":false},"author":1,"featured_media":0,"parent":0,"menu_order":0,"comment_status":"closed","ping_status":"closed","template":"","meta":{"footnotes":""},"class_list":["post-29","page","type-page","status-publish","hentry"],"aioseo_notices":[],"_links":{"self":[{"href":"https:\/\/guiaensalamanca.es\/index.php?rest_route=\/wp\/v2\/pages\/29","targetHints":{"allow":["GET"]}}],"collection":[{"href":"https:\/\/guiaensalamanca.es\/index.php?rest_route=\/wp\/v2\/pages"}],"about":[{"href":"https:\/\/guiaensalamanca.es\/index.php?rest_route=\/wp\/v2\/types\/page"}],"author":[{"embeddable":true,"href":"https:\/\/guiaensalamanca.es\/index.php?rest_route=\/wp\/v2\/users\/1"}],"replies":[{"embeddable":true,"href":"https:\/\/guiaensalamanca.es\/index.php?rest_route=%2Fwp%2Fv2%2Fcomments&post=29"}],"version-history":[{"count":1,"href":"https:\/\/guiaensalamanca.es\/index.php?rest_route=\/wp\/v2\/pages\/29\/revisions"}],"predecessor-version":[{"id":447,"href":"https:\/\/guiaensalamanca.es\/index.php?rest_route=\/wp\/v2\/pages\/29\/revisions\/447"}],"wp:attachment":[{"href":"https:\/\/guiaensalamanca.es\/index.php?rest_route=%2Fwp%2Fv2%2Fmedia&parent=29"}],"curies":[{"name":"wp","href":"https:\/\/api.w.org\/{rel}","templated":true}]}}