{"id":28,"date":"2017-07-13T11:24:56","date_gmt":"2017-07-13T11:24:56","guid":{"rendered":"https:\/\/www.guiaensalamanca.es\/?page_id=6"},"modified":"2024-02-26T18:32:52","modified_gmt":"2024-02-26T17:32:52","slug":"sobre-mi","status":"publish","type":"page","link":"https:\/\/guiaensalamanca.es\/?page_id=28","title":{"rendered":"Sobre m\u00ed"},"content":{"rendered":"<div id=\"pl-28\"  class=\"panel-layout\" ><div id=\"pg-28-0\"  class=\"panel-grid panel-no-style\" ><div id=\"pgc-28-0-0\"  class=\"panel-grid-cell\" ><div id=\"panel-28-0-0-0\" class=\"so-panel widget widget_sow-editor panel-first-child panel-last-child\" data-index=\"0\" ><div\n\t\t\t\n\t\t\tclass=\"so-widget-sow-editor so-widget-sow-editor-base\"\n\t\t\t\n\t\t><h3 class=\"widget-title\">Mabel Esteban Gonz\u00e1lez<\/h3>\n<div class=\"siteorigin-widget-tinymce textwidget\">\n\t<\/div>\n<\/div><\/div><\/div><\/div><div id=\"pg-28-1\"  class=\"panel-grid panel-no-style\" ><div id=\"pgc-28-1-0\"  class=\"panel-grid-cell\" ><div id=\"panel-28-1-0-0\" class=\"so-panel widget widget_media_image panel-first-child\" data-index=\"1\" ><img loading=\"lazy\" decoding=\"async\" width=\"224\" height=\"144\" src=\"https:\/\/guiaensalamanca.es\/wp-content\/uploads\/2024\/02\/Mabel.jpg\" class=\"image wp-image-431  attachment-full size-full\" alt=\"Foto Mabel\" style=\"max-width: 100%; height: auto;\" srcset=\"https:\/\/guiaensalamanca.es\/wp-content\/uploads\/2024\/02\/Mabel.jpg 224w, https:\/\/guiaensalamanca.es\/wp-content\/uploads\/2024\/02\/Mabel-150x96.jpg 150w\" sizes=\"auto, (max-width: 224px) 100vw, 224px\" \/><\/div><div id=\"panel-28-1-0-1\" class=\"so-panel widget widget_sow-editor panel-last-child\" data-index=\"2\" ><div\n\t\t\t\n\t\t\tclass=\"so-widget-sow-editor so-widget-sow-editor-base\"\n\t\t\t\n\t\t>\n<div class=\"siteorigin-widget-tinymce textwidget\">\n\t<h4>Curr\u00edculum:<\/h4>\n<ul>\n<li>T\u00e9cnico en Empresas y Actividades Tur\u00edsticas titulado por Escuela de Turismo de Salamanca.<\/li>\n<li>Experiencia de Guia Oficial de Turismo desde el a\u00f1o 1992 ostentando el carnet regional de Castilla y Le\u00f3n.<\/li>\n<li>Pertenencia a la Asociaci\u00f3n de Guias de Turismo de Salamanca ( A.G.O.T.S.)<\/li>\n<li>Pertenencia a la Federaci\u00f3n de Gu\u00edas de Castilla y Le\u00f3n.<\/li>\n<li>Experiencia como profesora impartiendo cursos del sector tur\u00edstico: Recepcion\u00edsta, Emprendedor Tur\u00edstico, Turismo Rural, Gu\u00edas de Turismo, Informador Tur\u00edstico.<\/li>\n<\/ul>\n<\/div>\n<\/div><\/div><\/div><div id=\"pgc-28-1-1\"  class=\"panel-grid-cell\" ><div id=\"panel-28-1-1-0\" class=\"so-panel widget widget_sow-editor panel-first-child panel-last-child\" data-index=\"3\" ><div\n\t\t\t\n\t\t\tclass=\"so-widget-sow-editor so-widget-sow-editor-base\"\n\t\t\t\n\t\t>\n<div class=\"siteorigin-widget-tinymce textwidget\">\n\t<h5>PRESENTACI\u00d3N PERSONAl<\/h5>\n<p><\/p>\n<p>Soy <strong>GUIA PROFESIONAL DE TURISMO<\/strong> desde 1990, tras diplomarme como T\u00e9cnico en Empresas y Actividades tur\u00edsticas por la Escuela Universitaria de Salamanca (1987-1990).<\/p>\n<p>Cuento con una amplia experiencia en el sector tur\u00edstico al haber desarrollado su actividad en numerosas \u00e1reas: gerente en empresa de congresos y azafatas, agente de ventas en agencia de viajes, recepcionista en hoteles, profesora en cursos de turismo, gerente de empresa de turismo rural.<\/p>\n<p>Estoy especializada en <strong><em>guiar e informar<\/em><\/strong> sobre el amplio patrimonio en Castilla y Le\u00f3n, especialmente en Salamanca y su provincia, acreditada con el carnet n\u00ba 13, en lenguas castellana, francesa y alemana.<\/p>\n<p>Organizo recorridos tur\u00edsticos en Salamanca y provincia en los idiomas castellano, franc\u00e9s y alem\u00e1n, y en caso de precisar otros idiomas o recorridos regionales gestiono con otros compa\u00f1eros gu\u00edas la realizaci\u00f3n del servicio.<\/p>\n<p>Si deseas m\u00e1s informaci\u00f3n puedes contactar conmigo a trav\u00e9s del email: <a href=\"mailto:mabelesteban-g@telefonica.net\">mabelesteban-g@telefonica.net<\/a> o tambi\u00e9n en el n\u00famero de tel\u00e9fono: 649 15 55 88<\/p>\n<\/div>\n<\/div><\/div><\/div><\/div><\/div>","protected":false},"excerpt":{"rendered":"<p>Curr\u00edculum: T\u00e9cnico en Empresas y Actividades Tur\u00edsticas titulado por Escuela de Turismo de Salamanca. Experiencia de Guia Oficial de Turismo desde el a\u00f1o 1992 ostentando el carnet regional de Castilla y Le\u00f3n. Pertenencia a la Asociaci\u00f3n de Guias de Turismo de Salamanca ( A.G.O.T.S.) Pertenencia a la Federaci\u00f3n de Gu\u00edas\u2026<\/p>\n<p> <a class=\"continue-reading-link\" href=\"https:\/\/guiaensalamanca.es\/?page_id=28\"><span>Leer m\u00e1s<\/span><i class=\"crycon-right-dir\"><\/i><\/a> <\/p>\n","protected":false},"author":1,"featured_media":0,"parent":0,"menu_order":0,"comment_status":"closed","ping_status":"closed","template":"","meta":{"footnotes":""},"class_list":["post-28","page","type-page","status-publish","hentry"],"aioseo_notices":[],"_links":{"self":[{"href":"https:\/\/guiaensalamanca.es\/index.php?rest_route=\/wp\/v2\/pages\/28","targetHints":{"allow":["GET"]}}],"collection":[{"href":"https:\/\/guiaensalamanca.es\/index.php?rest_route=\/wp\/v2\/pages"}],"about":[{"href":"https:\/\/guiaensalamanca.es\/index.php?rest_route=\/wp\/v2\/types\/page"}],"author":[{"embeddable":true,"href":"https:\/\/guiaensalamanca.es\/index.php?rest_route=\/wp\/v2\/users\/1"}],"replies":[{"embeddable":true,"href":"https:\/\/guiaensalamanca.es\/index.php?rest_route=%2Fwp%2Fv2%2Fcomments&post=28"}],"version-history":[{"count":4,"href":"https:\/\/guiaensalamanca.es\/index.php?rest_route=\/wp\/v2\/pages\/28\/revisions"}],"predecessor-version":[{"id":434,"href":"https:\/\/guiaensalamanca.es\/index.php?rest_route=\/wp\/v2\/pages\/28\/revisions\/434"}],"wp:attachment":[{"href":"https:\/\/guiaensalamanca.es\/index.php?rest_route=%2Fwp%2Fv2%2Fmedia&parent=28"}],"curies":[{"name":"wp","href":"https:\/\/api.w.org\/{rel}","templated":true}]}}