{"id":207,"date":"2018-03-05T20:21:25","date_gmt":"2018-03-05T20:21:25","guid":{"rendered":"https:\/\/www.guiaensalamanca.es\/?page_id=207"},"modified":"2024-03-08T00:31:49","modified_gmt":"2024-03-07T23:31:49","slug":"escolares","status":"publish","type":"page","link":"https:\/\/guiaensalamanca.es\/?page_id=207","title":{"rendered":"Escolares"},"content":{"rendered":"<div id=\"pl-207\"  class=\"panel-layout\" ><div id=\"pg-207-0\"  class=\"panel-grid panel-no-style\" ><div id=\"pgc-207-0-0\"  class=\"panel-grid-cell\" ><div id=\"panel-207-0-0-0\" class=\"so-panel widget widget_sow-editor panel-first-child\" data-index=\"0\" ><div\n\t\t\t\n\t\t\tclass=\"so-widget-sow-editor so-widget-sow-editor-base\"\n\t\t\t\n\t\t>\n<div class=\"siteorigin-widget-tinymce textwidget\">\n\t<p><strong>Conocer Salamanca con ni\u00f1os\/as<\/strong> puede ser muy divertido. Buscar\u00e1n animales, monstruos, plantas, santos, m\u00fasicos, escritores, artistas, conquistadores, astronautas \u2026<\/p>\n<p>La historia de la ciudad y su gran patrimonio art\u00edstico les introducir\u00e1 en los diferentes per\u00edodos hist\u00f3ricos a trav\u00e9s del juego y el descubrimiento de los detalles.<\/p>\n<p>Las rutas pueden ser panor\u00e1micas o con entrada en alguno de los monumentos m\u00e1s significativos : catedrales, torres Jer\u00f3nimus ( de las catedrales ), universidad, casa de las conchas<\/p>\n<p>Adaptaremos el recorrido a las edades de los ni\u00f1os\/as y a la tem\u00e1tica que sus profesores nos soliciten si quieren que la visita sea un complemento de un aprendizaje puntual.<\/p>\n<\/div>\n<\/div><\/div><div id=\"panel-207-0-0-1\" class=\"so-panel widget widget_sow-editor panel-last-child\" data-index=\"1\" ><div\n\t\t\t\n\t\t\tclass=\"so-widget-sow-editor so-widget-sow-editor-base\"\n\t\t\t\n\t\t><h3 class=\"widget-title\">PROPUESTA DE ACTIVIDAD:<\/h3>\n<div class=\"siteorigin-widget-tinymce textwidget\">\n\t<p><strong>\u201c PEPA PIG, SU FAMILIA, AMIGOS Y TU DE VISITA EN SALAMANCA\u201d<\/strong><\/p>\n<p>Se facilita a los escolares un cuadernillo de campo con la historieta de Pepa Pig , formato de ayuda en una Gymcana muy divertida a trav\u00e9s de la cual descubrir\u00e1n estilos art\u00edsticos, elementos decorativos, monumentos civiles y religiosos, calles y personajes famosos de Salamanca.<\/p>\n<\/div>\n<\/div><\/div><\/div><\/div><\/div>","protected":false},"excerpt":{"rendered":"<p>Conocer Salamanca con ni\u00f1os\/as puede ser muy divertido. Buscar\u00e1n animales, monstruos, plantas, santos, m\u00fasicos, escritores, artistas, conquistadores, astronautas \u2026 La historia de la ciudad y su gran patrimonio art\u00edstico les introducir\u00e1 en los diferentes per\u00edodos hist\u00f3ricos a trav\u00e9s del juego y el descubrimiento de los detalles. Las rutas pueden ser\u2026<\/p>\n<p> <a class=\"continue-reading-link\" href=\"https:\/\/guiaensalamanca.es\/?page_id=207\"><span>Leer m\u00e1s<\/span><i class=\"crycon-right-dir\"><\/i><\/a> <\/p>\n","protected":false},"author":1,"featured_media":0,"parent":0,"menu_order":0,"comment_status":"closed","ping_status":"closed","template":"","meta":{"footnotes":""},"class_list":["post-207","page","type-page","status-publish","hentry"],"aioseo_notices":[],"_links":{"self":[{"href":"https:\/\/guiaensalamanca.es\/index.php?rest_route=\/wp\/v2\/pages\/207","targetHints":{"allow":["GET"]}}],"collection":[{"href":"https:\/\/guiaensalamanca.es\/index.php?rest_route=\/wp\/v2\/pages"}],"about":[{"href":"https:\/\/guiaensalamanca.es\/index.php?rest_route=\/wp\/v2\/types\/page"}],"author":[{"embeddable":true,"href":"https:\/\/guiaensalamanca.es\/index.php?rest_route=\/wp\/v2\/users\/1"}],"replies":[{"embeddable":true,"href":"https:\/\/guiaensalamanca.es\/index.php?rest_route=%2Fwp%2Fv2%2Fcomments&post=207"}],"version-history":[{"count":1,"href":"https:\/\/guiaensalamanca.es\/index.php?rest_route=\/wp\/v2\/pages\/207\/revisions"}],"predecessor-version":[{"id":446,"href":"https:\/\/guiaensalamanca.es\/index.php?rest_route=\/wp\/v2\/pages\/207\/revisions\/446"}],"wp:attachment":[{"href":"https:\/\/guiaensalamanca.es\/index.php?rest_route=%2Fwp%2Fv2%2Fmedia&parent=207"}],"curies":[{"name":"wp","href":"https:\/\/api.w.org\/{rel}","templated":true}]}}